{"id":1568,"date":"2025-08-29T07:44:32","date_gmt":"2025-08-29T07:44:32","guid":{"rendered":"https:\/\/rcwindoware.com\/?post_type=product&#038;p=1568"},"modified":"2025-09-04T17:54:22","modified_gmt":"2025-09-04T17:54:22","slug":"pvc-venetian-blinds","status":"publish","type":"product","link":"https:\/\/rcwindoware.com\/fr\/produit\/pvc-venetian-blinds\/","title":{"rendered":"Stores v\u00e9nitiens en PVC"},"content":{"rendered":"<p><img decoding=\"async\" class=\"lazyloaded imageye-selected\" title=\"10\" src=\"https:\/\/inrorwxhjopjlo5p-static.micyjz.com\/cloud\/jlBpkKjrlmSRiknoinqmjq\/10.jpg\" alt=\"10\" data-original=\"\/\/inrorwxhjopjlo5p-static.micyjz.com\/cloud\/jlBpkKjrlmSRiknoinqmjq\/10.jpg\" \/><\/p>\n<p>Les stores v\u00e9nitiens en PVC, \u00e9galement connus sous le nom de stores v\u00e9nitiens en plastique, sont une option de rev\u00eatement de fen\u00eatre populaire et durable, fabriqu\u00e9e \u00e0 partir de mat\u00e9riaux synth\u00e9tiques, principalement le chlorure de polyvinyle (PVC). Ils constituent une alternative pratique et facile d'entretien aux stores en bois traditionnels.<\/p>\n<ul class=\"list-paddingleft-2\">\n<li>Mat\u00e9riau : Le PVC est un polym\u00e8re plastique synth\u00e9tique qui r\u00e9siste \u00e0 l'eau et \u00e0 la d\u00e9formation, ce qui rend ces stores adapt\u00e9s aux zones \u00e0 forte humidit\u00e9, telles que les cuisines et les salles de bains.<\/li>\n<li>Durabilit\u00e9 : Les stores v\u00e9nitiens en PVC sont connus pour leur durabilit\u00e9 et leur long\u00e9vit\u00e9. Ils peuvent r\u00e9sister \u00e0 l'usure quotidienne et leur r\u00e9sistance \u00e0 l'humidit\u00e9 r\u00e9duit le risque de dommages dus \u00e0 l'humidit\u00e9 ou \u00e0 l'exposition \u00e0 l'eau.<\/li>\n<li>Contr\u00f4le de la lumi\u00e8re : Constitu\u00e9s de lamelles horizontales qui peuvent \u00eatre inclin\u00e9es, relev\u00e9es ou abaiss\u00e9es, ces stores offrent un excellent contr\u00f4le de l'entr\u00e9e de la lumi\u00e8re et de l'intimit\u00e9. L'inclinaison des lamelles permet de filtrer la lumi\u00e8re tout en pr\u00e9servant l'intimit\u00e9, tandis que le rel\u00e8vement des stores ouvre compl\u00e8tement la fen\u00eatre.<\/li>\n<li>Entretien facile : Le nettoyage des stores v\u00e9nitiens en PVC est simple. Il suffit souvent d'un coup de chiffon humide ou d'un l\u00e9ger coup d'aspirateur pour enlever la poussi\u00e8re. Ils ne n\u00e9cessitent pas d'entretien particulier ni de peinture r\u00e9guli\u00e8re comme les stores en bois.<\/li>\n<li>Le style : Disponibles dans une large gamme de couleurs, des tons neutres aux teintes vives, les stores v\u00e9nitiens en PVC peuvent s'int\u00e9grer \u00e0 diff\u00e9rents styles de d\u00e9coration int\u00e9rieure. Ils offrent un aspect \u00e9l\u00e9gant et moderne, et leur aspect uniforme donne une esth\u00e9tique propre et rationalis\u00e9e.<\/li>\n<li>Rentabilit\u00e9 : Compar\u00e9s \u00e0 leurs homologues en bois, les stores v\u00e9nitiens en PVC sont g\u00e9n\u00e9ralement plus \u00e9conomiques, ce qui en fait une option abordable pour l'habillage des fen\u00eatres.<\/li>\n<li>S\u00e9curit\u00e9 des enfants : Pour garantir la s\u00e9curit\u00e9, en particulier dans les foyers o\u00f9 vivent de jeunes enfants, il est possible d'opter pour des syst\u00e8mes de cordons sans fil ou tendus, ce qui r\u00e9duit le risque d'enchev\u00eatrement.<\/li>\n<li>Personnalisation : Ces stores peuvent \u00eatre personnalis\u00e9s pour s'adapter \u00e0 diff\u00e9rentes tailles et formes de fen\u00eatres, ce qui permet de les adapter \u00e0 n'importe quelle pi\u00e8ce.<\/li>\n<\/ul>\n<p>En r\u00e9sum\u00e9, les stores v\u00e9nitiens en PVC constituent une solution pratique, durable et \u00e9l\u00e9gante pour l'habillage des fen\u00eatres, offrant un excellent contr\u00f4le de la lumi\u00e8re et n\u00e9cessitant peu d'entretien, ce qui en fait un choix populaire pour les propri\u00e9taires \u00e0 la recherche d'une option fiable et abordable.<\/p>","protected":false},"excerpt":{"rendered":"<p>Les stores v\u00e9nitiens en PVC sont imperm\u00e9ables et r\u00e9sistants \u00e0 l'humidit\u00e9, ce qui les rend id\u00e9aux pour les salles de bains.<br \/>\nNous pouvons fournir \u00e0 la fois des stores v\u00e9nitiens en PVC finis et des tissus et composants connexes pour diff\u00e9rents usages.<\/p>","protected":false},"featured_media":1569,"comment_status":"open","ping_status":"closed","template":"","meta":{"om_disable_all_campaigns":false,"_uag_custom_page_level_css":"","_monsterinsights_skip_tracking":false,"_monsterinsights_sitenote_active":false,"_monsterinsights_sitenote_note":"","_monsterinsights_sitenote_category":0,"site-sidebar-layout":"default","site-content-layout":"","ast-site-content-layout":"default","site-content-style":"default","site-sidebar-style":"default","ast-global-header-display":"","ast-banner-title-visibility":"","ast-main-header-display":"","ast-hfb-above-header-display":"","ast-hfb-below-header-display":"","ast-hfb-mobile-header-display":"","site-post-title":"","ast-breadcrumbs-content":"","ast-featured-img":"","footer-sml-layout":"","theme-transparent-header-meta":"default","adv-header-id-meta":"","stick-header-meta":"","header-above-stick-meta":"","header-main-stick-meta":"","header-below-stick-meta":"","astra-migrate-meta-layouts":"set","ast-page-background-enabled":"default","ast-page-background-meta":{"desktop":{"background-color":"var(--ast-global-color-4)","background-image":"","background-repeat":"repeat","background-position":"center center","background-size":"auto","background-attachment":"scroll","background-type":"","background-media":"","overlay-type":"","overlay-color":"","overlay-opacity":"","overlay-gradient":""},"tablet":{"background-color":"","background-image":"","background-repeat":"repeat","background-position":"center center","background-size":"auto","background-attachment":"scroll","background-type":"","background-media":"","overlay-type":"","overlay-color":"","overlay-opacity":"","overlay-gradient":""},"mobile":{"background-color":"","background-image":"","background-repeat":"repeat","background-position":"center center","background-size":"auto","background-attachment":"scroll","background-type":"","background-media":"","overlay-type":"","overlay-color":"","overlay-opacity":"","overlay-gradient":""}},"ast-content-background-meta":{"desktop":{"background-color":"var(--ast-global-color-5)","background-image":"","background-repeat":"repeat","background-position":"center center","background-size":"auto","background-attachment":"scroll","background-type":"","background-media":"","overlay-type":"","overlay-color":"","overlay-opacity":"","overlay-gradient":""},"tablet":{"background-color":"var(--ast-global-color-5)","background-image":"","background-repeat":"repeat","background-position":"center center","background-size":"auto","background-attachment":"scroll","background-type":"","background-media":"","overlay-type":"","overlay-color":"","overlay-opacity":"","overlay-gradient":""},"mobile":{"background-color":"var(--ast-global-color-5)","background-image":"","background-repeat":"repeat","background-position":"center center","background-size":"auto","background-attachment":"scroll","background-type":"","background-media":"","overlay-type":"","overlay-color":"","overlay-opacity":"","overlay-gradient":""}}},"product_brand":[],"product_cat":[20,73],"product_tag":[],"class_list":{"0":"post-1568","1":"product","2":"type-product","3":"status-publish","4":"has-post-thumbnail","6":"product_cat-all-product","7":"product_cat-pvc-venetian-blinds","8":"desktop-align-left","9":"tablet-align-left","10":"mobile-align-left","12":"first","13":"instock","14":"sale","15":"shipping-taxable","16":"purchasable","17":"product-type-simple"},"aioseo_notices":[],"spectra_custom_meta":{"_edit_lock":["1760513535:1"],"_edit_last":["1"],"_thumbnail_id":["1569"],"total_sales":["0"],"_tax_status":["taxable"],"_tax_class":[""],"_manage_stock":["no"],"_backorders":["no"],"_sold_individually":["no"],"_virtual":["no"],"_downloadable":["no"],"_download_limit":["-1"],"_download_expiry":["-1"],"_stock":[null],"_stock_status":["instock"],"_wc_average_rating":["0"],"_wc_review_count":["0"],"_product_version":["10.0.4"],"_product_image_gallery":["1570,1571,1572,1573,1574,1575"],"_aioseo_keywords":["a:0:{}"],"_aioseo_og_title":[""],"_aioseo_og_description":[""],"_aioseo_og_article_section":[""],"_aioseo_og_article_tags":["a:0:{}"],"_aioseo_twitter_title":[""],"_aioseo_twitter_description":[""],"site-sidebar-layout":["default"],"ast-site-content-layout":["default"],"site-content-style":["default"],"site-sidebar-style":["default"],"theme-transparent-header-meta":["default"],"_regular_price":["800"],"_sale_price":["788"],"_price":["788"],"_aioseo_title":[null],"_aioseo_description":[null],"astra-migrate-meta-layouts":["set"],"_uag_page_assets":["a:9:{s:3:\"css\";s:0:\"\";s:2:\"js\";s:0:\"\";s:18:\"current_block_list\";a:7:{i:0;s:11:\"core\/search\";i:1;s:10:\"core\/group\";i:2;s:12:\"core\/heading\";i:3;s:17:\"core\/latest-posts\";i:4;s:20:\"core\/latest-comments\";i:5;s:13:\"core\/archives\";i:6;s:15:\"core\/categories\";}s:8:\"uag_flag\";b:0;s:11:\"uag_version\";s:10:\"1776629040\";s:6:\"gfonts\";a:0:{}s:10:\"gfonts_url\";s:0:\"\";s:12:\"gfonts_files\";a:0:{}s:14:\"uag_faq_layout\";b:0;}"],"_elementor_page_assets":["a:0:{}"]},"uagb_featured_image_src":{"full":["https:\/\/rcwindoware.com\/wp-content\/uploads\/2025\/08\/imgi_20_10.jpg",1000,1000,false],"thumbnail":["https:\/\/rcwindoware.com\/wp-content\/uploads\/2025\/08\/imgi_20_10-150x150.jpg",150,150,true],"medium":["https:\/\/rcwindoware.com\/wp-content\/uploads\/2025\/08\/imgi_20_10-300x300.jpg",300,300,true],"medium_large":["https:\/\/rcwindoware.com\/wp-content\/uploads\/2025\/08\/imgi_20_10-768x768.jpg",768,768,true],"large":["https:\/\/rcwindoware.com\/wp-content\/uploads\/2025\/08\/imgi_20_10.jpg",1000,1000,false],"1536x1536":["https:\/\/rcwindoware.com\/wp-content\/uploads\/2025\/08\/imgi_20_10.jpg",1000,1000,false],"2048x2048":["https:\/\/rcwindoware.com\/wp-content\/uploads\/2025\/08\/imgi_20_10.jpg",1000,1000,false],"trp-custom-language-flag":["https:\/\/rcwindoware.com\/wp-content\/uploads\/2025\/08\/imgi_20_10.jpg",12,12,false],"woocommerce_thumbnail":["https:\/\/rcwindoware.com\/wp-content\/uploads\/2025\/08\/imgi_20_10-300x300.jpg",300,300,true],"woocommerce_single":["https:\/\/rcwindoware.com\/wp-content\/uploads\/2025\/08\/imgi_20_10-600x600.jpg",600,600,true],"woocommerce_gallery_thumbnail":["https:\/\/rcwindoware.com\/wp-content\/uploads\/2025\/08\/imgi_20_10-100x100.jpg",100,100,true]},"uagb_author_info":{"display_name":"R&amp;C Team","author_link":"https:\/\/rcwindoware.com\/fr\/author\/"},"uagb_comment_info":0,"uagb_excerpt":"PVC Venetian Blinds is waterproof and moisture resistant, making it ideal for bathroom use. We can supply both finished PVC Venetian Blinds and related fabric &amp;components for different purpose.","_links":{"self":[{"href":"https:\/\/rcwindoware.com\/fr\/wp-json\/wp\/v2\/product\/1568","targetHints":{"allow":["GET"]}}],"collection":[{"href":"https:\/\/rcwindoware.com\/fr\/wp-json\/wp\/v2\/product"}],"about":[{"href":"https:\/\/rcwindoware.com\/fr\/wp-json\/wp\/v2\/types\/product"}],"replies":[{"embeddable":true,"href":"https:\/\/rcwindoware.com\/fr\/wp-json\/wp\/v2\/comments?post=1568"}],"wp:featuredmedia":[{"embeddable":true,"href":"https:\/\/rcwindoware.com\/fr\/wp-json\/wp\/v2\/media\/1569"}],"wp:attachment":[{"href":"https:\/\/rcwindoware.com\/fr\/wp-json\/wp\/v2\/media?parent=1568"}],"wp:term":[{"taxonomy":"product_brand","embeddable":true,"href":"https:\/\/rcwindoware.com\/fr\/wp-json\/wp\/v2\/product_brand?post=1568"},{"taxonomy":"product_cat","embeddable":true,"href":"https:\/\/rcwindoware.com\/fr\/wp-json\/wp\/v2\/product_cat?post=1568"},{"taxonomy":"product_tag","embeddable":true,"href":"https:\/\/rcwindoware.com\/fr\/wp-json\/wp\/v2\/product_tag?post=1568"}],"curies":[{"name":"wp","href":"https:\/\/api.w.org\/{rel}","templated":true}]}}