{"id":657,"date":"2025-08-06T10:47:21","date_gmt":"2025-08-06T10:47:21","guid":{"rendered":"https:\/\/rcwindoware.com\/?post_type=product&#038;p=657"},"modified":"2025-08-06T10:47:28","modified_gmt":"2025-08-06T10:47:28","slug":"smart-home-motorized-roller-blinds-window-blackout","status":"publish","type":"product","link":"https:\/\/rcwindoware.com\/fr\/produit\/smart-home-motorized-roller-blinds-window-blackout\/","title":{"rendered":"Smart Home Motorized Roller Blinds Fen\u00eatre occultante"},"content":{"rendered":"<h2 class=\"header-vfC6AV auto-hide-last-sibling-br\">Informations de base<\/h2>\n<ul class=\"auto-hide-last-sibling-br\">\n<li><strong>Nom du produit<\/strong>: Stores \u00e0 rouleau intelligents<\/li>\n<li><strong>Marque<\/strong>: R&amp;C<\/li>\n<li><strong>Num\u00e9ro de mod\u00e8le<\/strong>: YX-WN002-06<\/li>\n<li><strong>Lieu d'origine<\/strong>: Fujian, Chine<\/li>\n<li><strong>Fabricant<\/strong>: R &amp; C Fuzhou Houseware Co, Ltd. (Fabricant sur mesure v\u00e9rifi\u00e9 avec 10 ans d'exp\u00e9rience, garantissant la qualit\u00e9 et la fiabilit\u00e9)<\/li>\n<\/ul>\n<h2 class=\"header-vfC6AV auto-hide-last-sibling-br\">Attributs cl\u00e9s<\/h2>\n<h3 class=\"header-vfC6AV auto-hide-last-sibling-br\">Installation et structure<\/h3>\n<ul class=\"auto-hide-last-sibling-br\">\n<li><strong>Type d'installation<\/strong>: Les options polyvalentes comprennent l'installation int\u00e9gr\u00e9e, au plafond, \u00e0 l'ext\u00e9rieur et sur le c\u00f4t\u00e9, ce qui permet de s'adapter \u00e0 diverses configurations spatiales.<\/li>\n<li><strong>M\u00e9thode d'ouverture et de fermeture<\/strong>: Ouverture inf\u00e9rieure, permettant un contr\u00f4le pratique de la lumi\u00e8re et un r\u00e9glage de l'intimit\u00e9.<\/li>\n<li><strong>Type<\/strong>: Les stores \u00e0 enroulement, une solution de traitement des fen\u00eatres \u00e9l\u00e9gante et peu encombrante.<\/li>\n<li><strong>Type de fen\u00eatre applicable<\/strong>: French Window, qui compl\u00e8te parfaitement ce mod\u00e8le de fen\u00eatre classique.<\/li>\n<\/ul>\n<h3 class=\"header-vfC6AV auto-hide-last-sibling-br\">Mat\u00e9riaux et conception<\/h3>\n<ul class=\"auto-hide-last-sibling-br\">\n<li><strong>Mat\u00e9riau<\/strong>: Polyester, offrant une durabilit\u00e9 et une texture lisse. Le tissu est en polyester 30% et en PVC 70%, avec une fonction d'occultation.<\/li>\n<li><strong>Style de conception<\/strong>: Minimaliste avec des \u00e9l\u00e9ments n\u00e9o-classiques\/post-modernes, s'int\u00e9grant facilement dans diff\u00e9rents d\u00e9cors int\u00e9rieurs.<\/li>\n<li><strong>Motif et technique<\/strong>: Motif horizontal avec une technique simple, cr\u00e9ant un effet visuel propre et sophistiqu\u00e9.<\/li>\n<\/ul>\n<h3 class=\"header-vfC6AV auto-hide-last-sibling-br\">Fonction et caract\u00e9ristiques<\/h3>\n<ul class=\"auto-hide-last-sibling-br\">\n<li><strong>Contr\u00f4le de la lumi\u00e8re<\/strong>: Le store occultant est id\u00e9al pour les chambres \u00e0 coucher, les salles de m\u00e9dias ou tout autre espace o\u00f9 l'occultation de la lumi\u00e8re est n\u00e9cessaire pour des raisons de confort ou de fonctionnalit\u00e9.<\/li>\n<li><strong>Type intelligent<\/strong>: Num\u00e9rique, \u00e9lectronique, capteur et commande vocale, pour une maison intelligente au bout des doigts.<\/li>\n<li><strong>Mode de contr\u00f4le<\/strong>: T\u00e9l\u00e9commande, permettant une utilisation facile \u00e0 distance. Elle prend \u00e9galement en charge la commande vocale et WiFi pour plus de commodit\u00e9.<\/li>\n<li><strong>Source d'\u00e9nergie<\/strong>: Aliment\u00e9 par des piles, avec des options d'alimentation comprenant des piles et l'USB, ce qui garantit une installation flexible sans n\u00e9cessiter de c\u00e2blage complexe.<\/li>\n<li><strong>Fonctionnalit\u00e9<\/strong>: L'installation est facile, ce qui vous permet de gagner du temps et d'\u00e9conomiser des efforts lors de l'installation. Il a \u00e9galement une forte capacit\u00e9 de charge pour un fonctionnement stable et \u00e0 long terme.<\/li>\n<\/ul>\n<h3 class=\"header-vfC6AV auto-hide-last-sibling-br\">Personnalisation<\/h3>\n<ul class=\"auto-hide-last-sibling-br\">\n<li><strong>\u00c9l\u00e9ments personnalisables<\/strong>: La couleur peut \u00eatre personnalis\u00e9e en fonction des demandes du client, et la taille est \u00e9galement personnalisable pour r\u00e9pondre \u00e0 vos besoins sp\u00e9cifiques en mati\u00e8re de projet ou de conception.<\/li>\n<\/ul>\n<h2 class=\"header-vfC6AV auto-hide-last-sibling-br\">Sc\u00e9narios d'application<\/h2>\n<div class=\"auto-hide-last-sibling-br paragraph-JOTKXA paragraph-element br-paragraph-space\">Il convient \u00e0 divers espaces int\u00e9rieurs tels que les bureaux, les chambres \u00e0 coucher, les salons, les cuisines, etc. Il peut \u00e9galement \u00eatre utilis\u00e9 dans des environnements commerciaux tels que les h\u00f4tels, les \u00e9coles et les h\u00f4pitaux. Qu'il s'agisse de la r\u00e9novation d'une maison ou d'un projet commercial, ces stores intelligents ajoutent une touche d'intelligence et de style.<\/div>","protected":false},"excerpt":{"rendered":"<p>Basic Information Product Name: Smart Roller Blinds Brand: R&amp;C Model Number: YX-WN002-06 Place of Origin: Fujian, China Manufacturer: R &amp; C Fuzhou Houseware Co., Ltd. (Verified Custom Manufacturer with 10 years of experience, ensuring quality and reliability) Key Attributes Installation &amp; Structure Installation Type: Versatile options including built &#8211; in, ceiling, exterior, and side installation, [&hellip;]<\/p>","protected":false},"featured_media":687,"comment_status":"open","ping_status":"closed","template":"","meta":{"om_disable_all_campaigns":false,"_uag_custom_page_level_css":"","_monsterinsights_skip_tracking":false,"_monsterinsights_sitenote_active":false,"_monsterinsights_sitenote_note":"","_monsterinsights_sitenote_category":0,"site-sidebar-layout":"default","site-content-layout":"","ast-site-content-layout":"default","site-content-style":"default","site-sidebar-style":"default","ast-global-header-display":"","ast-banner-title-visibility":"","ast-main-header-display":"","ast-hfb-above-header-display":"","ast-hfb-below-header-display":"","ast-hfb-mobile-header-display":"","site-post-title":"","ast-breadcrumbs-content":"","ast-featured-img":"","footer-sml-layout":"","theme-transparent-header-meta":"default","adv-header-id-meta":"","stick-header-meta":"","header-above-stick-meta":"","header-main-stick-meta":"","header-below-stick-meta":"","astra-migrate-meta-layouts":"set","ast-page-background-enabled":"default","ast-page-background-meta":{"desktop":{"background-color":"var(--ast-global-color-4)","background-image":"","background-repeat":"repeat","background-position":"center center","background-size":"auto","background-attachment":"scroll","background-type":"","background-media":"","overlay-type":"","overlay-color":"","overlay-opacity":"","overlay-gradient":""},"tablet":{"background-color":"","background-image":"","background-repeat":"repeat","background-position":"center center","background-size":"auto","background-attachment":"scroll","background-type":"","background-media":"","overlay-type":"","overlay-color":"","overlay-opacity":"","overlay-gradient":""},"mobile":{"background-color":"","background-image":"","background-repeat":"repeat","background-position":"center center","background-size":"auto","background-attachment":"scroll","background-type":"","background-media":"","overlay-type":"","overlay-color":"","overlay-opacity":"","overlay-gradient":""}},"ast-content-background-meta":{"desktop":{"background-color":"var(--ast-global-color-5)","background-image":"","background-repeat":"repeat","background-position":"center center","background-size":"auto","background-attachment":"scroll","background-type":"","background-media":"","overlay-type":"","overlay-color":"","overlay-opacity":"","overlay-gradient":""},"tablet":{"background-color":"var(--ast-global-color-5)","background-image":"","background-repeat":"repeat","background-position":"center center","background-size":"auto","background-attachment":"scroll","background-type":"","background-media":"","overlay-type":"","overlay-color":"","overlay-opacity":"","overlay-gradient":""},"mobile":{"background-color":"var(--ast-global-color-5)","background-image":"","background-repeat":"repeat","background-position":"center center","background-size":"auto","background-attachment":"scroll","background-type":"","background-media":"","overlay-type":"","overlay-color":"","overlay-opacity":"","overlay-gradient":""}}},"product_brand":[],"product_cat":[20,27],"product_tag":[],"class_list":{"0":"post-657","1":"product","2":"type-product","3":"status-publish","4":"has-post-thumbnail","6":"product_cat-all-product","7":"product_cat-motorized-roller-blinds","8":"desktop-align-left","9":"tablet-align-left","10":"mobile-align-left","12":"first","13":"instock","14":"shipping-taxable","15":"product-type-simple"},"aioseo_notices":[],"spectra_custom_meta":{"total_sales":["0"],"_tax_status":["taxable"],"_tax_class":[""],"_manage_stock":["no"],"_backorders":["no"],"_sold_individually":["no"],"_virtual":["no"],"_downloadable":["no"],"_download_limit":["-1"],"_download_expiry":["-1"],"_stock":[null],"_stock_status":["instock"],"_wc_average_rating":["0"],"_wc_review_count":["0"],"_product_version":["10.0.4"],"_wp_old_slug":["import-placeholder-for-1743"],"_thumbnail_id":["687"],"_aioseo_og_title":[""],"_aioseo_og_description":[""],"_aioseo_og_article_section":[""],"_aioseo_twitter_title":[""],"_aioseo_twitter_description":[""],"site-sidebar-layout":["default"],"ast-site-content-layout":["default"],"site-content-style":["default"],"site-sidebar-style":["default"],"theme-transparent-header-meta":["default"],"astra-migrate-meta-layouts":["set"],"_eael_post_view_count":[""],"_product_image_gallery":["688,689,690,691,692,693,694,695"],"_uag_page_assets":["a:9:{s:3:\"css\";s:0:\"\";s:2:\"js\";s:0:\"\";s:18:\"current_block_list\";a:7:{i:0;s:11:\"core\/search\";i:1;s:10:\"core\/group\";i:2;s:12:\"core\/heading\";i:3;s:17:\"core\/latest-posts\";i:4;s:20:\"core\/latest-comments\";i:5;s:13:\"core\/archives\";i:6;s:15:\"core\/categories\";}s:8:\"uag_flag\";b:0;s:11:\"uag_version\";s:10:\"1776616791\";s:6:\"gfonts\";a:0:{}s:10:\"gfonts_url\";s:0:\"\";s:12:\"gfonts_files\";a:0:{}s:14:\"uag_faq_layout\";b:0;}"],"_elementor_page_assets":["a:0:{}"]},"uagb_featured_image_src":{"full":["https:\/\/rcwindoware.com\/wp-content\/uploads\/2025\/08\/imgi_431_H55f76d821f8d48199fcfba55fdc8ce7f4.jpg",800,800,false],"thumbnail":["https:\/\/rcwindoware.com\/wp-content\/uploads\/2025\/08\/imgi_431_H55f76d821f8d48199fcfba55fdc8ce7f4-150x150.jpg",150,150,true],"medium":["https:\/\/rcwindoware.com\/wp-content\/uploads\/2025\/08\/imgi_431_H55f76d821f8d48199fcfba55fdc8ce7f4-300x300.jpg",300,300,true],"medium_large":["https:\/\/rcwindoware.com\/wp-content\/uploads\/2025\/08\/imgi_431_H55f76d821f8d48199fcfba55fdc8ce7f4-768x768.jpg",768,768,true],"large":["https:\/\/rcwindoware.com\/wp-content\/uploads\/2025\/08\/imgi_431_H55f76d821f8d48199fcfba55fdc8ce7f4.jpg",800,800,false],"1536x1536":["https:\/\/rcwindoware.com\/wp-content\/uploads\/2025\/08\/imgi_431_H55f76d821f8d48199fcfba55fdc8ce7f4.jpg",800,800,false],"2048x2048":["https:\/\/rcwindoware.com\/wp-content\/uploads\/2025\/08\/imgi_431_H55f76d821f8d48199fcfba55fdc8ce7f4.jpg",800,800,false],"trp-custom-language-flag":["https:\/\/rcwindoware.com\/wp-content\/uploads\/2025\/08\/imgi_431_H55f76d821f8d48199fcfba55fdc8ce7f4.jpg",12,12,false],"woocommerce_thumbnail":["https:\/\/rcwindoware.com\/wp-content\/uploads\/2025\/08\/imgi_431_H55f76d821f8d48199fcfba55fdc8ce7f4-300x300.jpg",300,300,true],"woocommerce_single":["https:\/\/rcwindoware.com\/wp-content\/uploads\/2025\/08\/imgi_431_H55f76d821f8d48199fcfba55fdc8ce7f4-600x600.jpg",600,600,true],"woocommerce_gallery_thumbnail":["https:\/\/rcwindoware.com\/wp-content\/uploads\/2025\/08\/imgi_431_H55f76d821f8d48199fcfba55fdc8ce7f4-100x100.jpg",100,100,true]},"uagb_author_info":{"display_name":"R&amp;C Team","author_link":"https:\/\/rcwindoware.com\/fr\/author\/"},"uagb_comment_info":0,"uagb_excerpt":"Basic Information Product Name: Smart Roller Blinds Brand: R&amp;C Model Number: YX-WN002-06 Place of Origin: Fujian, China Manufacturer: R &amp; C Fuzhou Houseware Co., Ltd. (Verified Custom Manufacturer with 10 years of experience, ensuring quality and reliability) Key Attributes Installation &amp; Structure Installation Type: Versatile options including built &#8211; in, ceiling, exterior, and side installation,\u2026","_links":{"self":[{"href":"https:\/\/rcwindoware.com\/fr\/wp-json\/wp\/v2\/product\/657","targetHints":{"allow":["GET"]}}],"collection":[{"href":"https:\/\/rcwindoware.com\/fr\/wp-json\/wp\/v2\/product"}],"about":[{"href":"https:\/\/rcwindoware.com\/fr\/wp-json\/wp\/v2\/types\/product"}],"replies":[{"embeddable":true,"href":"https:\/\/rcwindoware.com\/fr\/wp-json\/wp\/v2\/comments?post=657"}],"wp:featuredmedia":[{"embeddable":true,"href":"https:\/\/rcwindoware.com\/fr\/wp-json\/wp\/v2\/media\/687"}],"wp:attachment":[{"href":"https:\/\/rcwindoware.com\/fr\/wp-json\/wp\/v2\/media?parent=657"}],"wp:term":[{"taxonomy":"product_brand","embeddable":true,"href":"https:\/\/rcwindoware.com\/fr\/wp-json\/wp\/v2\/product_brand?post=657"},{"taxonomy":"product_cat","embeddable":true,"href":"https:\/\/rcwindoware.com\/fr\/wp-json\/wp\/v2\/product_cat?post=657"},{"taxonomy":"product_tag","embeddable":true,"href":"https:\/\/rcwindoware.com\/fr\/wp-json\/wp\/v2\/product_tag?post=657"}],"curies":[{"name":"wp","href":"https:\/\/api.w.org\/{rel}","templated":true}]}}