{"id":659,"date":"2025-08-06T10:47:22","date_gmt":"2025-08-06T10:47:22","guid":{"rendered":"https:\/\/rcwindoware.com\/?post_type=product&#038;p=659"},"modified":"2025-08-06T10:47:34","modified_gmt":"2025-08-06T10:47:34","slug":"smart-motorized-skylight-roof-roller-blind-indoor-electric-retractable-awnings","status":"publish","type":"product","link":"https:\/\/rcwindoware.com\/fr\/produit\/smart-motorized-skylight-roof-roller-blind-indoor-electric-retractable-awnings\/","title":{"rendered":"Store de toit motoris\u00e9 Smart Skylight Stores r\u00e9tractables \u00e9lectriques d'int\u00e9rieur"},"content":{"rendered":"<p><b data-spm-anchor-id=\"a2700.details-description.0.i0.519bMqaDMqaDjX\">Les stores de puits de lumi\u00e8re sont des couvre-fen\u00eatres sp\u00e9cialement con\u00e7us pour \u00eatre install\u00e9s dans les puits de lumi\u00e8re ou les fen\u00eatres de toit. Ces stores ont de multiples fonctions, notamment le contr\u00f4le de la lumi\u00e8re, la r\u00e9gulation de la temp\u00e9rature et la protection de la vie priv\u00e9e. Fabriqu\u00e9s \u00e0 partir de mat\u00e9riaux tels que le tissu, l'aluminium ou le bois, ils sont souvent r\u00e9tractables et peuvent \u00eatre facilement ouverts ou ferm\u00e9s \u00e0 l'aide d'un syst\u00e8me manuel ou motoris\u00e9. En g\u00e9n\u00e9ral, les stores de puits de lumi\u00e8re sont \u00e9quip\u00e9s d'une t\u00e9l\u00e9commande ou d'un m\u00e9canisme \u00e0 cordon, ce qui permet aux utilisateurs de r\u00e9gler la position du store depuis la pi\u00e8ce o\u00f9 ils se trouvent. Ils sont utiles pour bloquer la lumi\u00e8re du soleil pendant la journ\u00e9e, r\u00e9duire les gains de chaleur en \u00e9t\u00e9 et assurer l'isolation pendant les mois les plus froids. Les stores peuvent \u00e9galement \u00eatre con\u00e7us avec diff\u00e9rents niveaux d'opacit\u00e9, du transparent \u00e0 l'occultant, afin de r\u00e9pondre aux diff\u00e9rentes pr\u00e9f\u00e9rences en mati\u00e8re de luminosit\u00e9. Outre leurs avantages fonctionnels, les stores de puits de lumi\u00e8re contribuent \u00e0 l'attrait esth\u00e9tique d'une pi\u00e8ce, car ils sont disponibles dans une gamme de couleurs et de styles qui s'harmonisent avec les diff\u00e9rentes conceptions d'int\u00e9rieur. Dans l'ensemble, ces stores sont un accessoire essentiel pour les puits de lumi\u00e8re, offrant \u00e0 la fois praticit\u00e9 et style \u00e0 n'importe quel espace.<\/b><\/p>\n<p>&nbsp;<\/p>\n<h2 class=\"header-vfC6AV auto-hide-last-sibling-br\">Informations de base<\/h2>\n<div class=\"auto-hide-last-sibling-br paragraph-JOTKXA paragraph-element br-paragraph-space\">Nom du produit : Stores \u00e0 enroulement coupe-vent ; stores motoris\u00e9s pour puits de lumi\u00e8re<br class=\"container-utlnW2 wrapper-d0Cc1k undefined\" \/>Marque : R&amp;C<br class=\"container-utlnW2 wrapper-d0Cc1k undefined\" \/>Num\u00e9ro de mod\u00e8le : FY036 - 1 ; FY089 - 1 (indiqu\u00e9 dans la description du produit)<br class=\"container-utlnW2 wrapper-d0Cc1k undefined\" \/>Lieu d'origine : Guangdong, Chine<br class=\"container-utlnW2 wrapper-d0Cc1k undefined\" \/>Fabricant : R &amp; C Fuzhou Houseware Co, Ltd. (Fabricant sur mesure v\u00e9rifi\u00e9 avec 10 ans d'exp\u00e9rience)<br class=\"container-utlnW2 wrapper-d0Cc1k undefined\" \/>Evaluation : 1 avis, 48 vendus<\/div>\n<h2 class=\"header-vfC6AV auto-hide-last-sibling-br\">Attributs cl\u00e9s<\/h2>\n<h3 class=\"header-vfC6AV auto-hide-last-sibling-br\">Installation et structure<\/h3>\n<div class=\"auto-hide-last-sibling-br paragraph-JOTKXA paragraph-element br-paragraph-space\">Type d'installation : Polyvalent - int\u00e9gr\u00e9, ext\u00e9rieur, lat\u00e9ral, installation au plafond, s'adaptant \u00e0 diverses configurations.<br class=\"container-utlnW2 wrapper-d0Cc1k undefined\" \/>Type de fen\u00eatre applicable : Fen\u00eatre \u00e0 la fran\u00e7aise, compl\u00e9tant ce design classique.<br class=\"container-utlnW2 wrapper-d0Cc1k undefined\" \/>M\u00e9thode d'ouverture et de fermeture : Ouverture par le bas, permettant un contr\u00f4le pratique de la lumi\u00e8re et de l'intimit\u00e9.<br class=\"container-utlnW2 wrapper-d0Cc1k undefined\" \/>Type : toit pliant ; lucarne \u00e0 stores motoris\u00e9s (selon d\u00e9tails), ajoutant une fonctionnalit\u00e9 unique.<\/div>\n<h3 class=\"header-vfC6AV auto-hide-last-sibling-br\">Mat\u00e9riaux et conception<\/h3>\n<div class=\"auto-hide-last-sibling-br paragraph-JOTKXA paragraph-element br-paragraph-space\">Mati\u00e8re : Tissu (polyester selon la description du produit), garantissant la durabilit\u00e9 et un bon blocage de la lumi\u00e8re.<br class=\"container-utlnW2 wrapper-d0Cc1k undefined\" \/>Style de conception : Contemporain ; moderne, s'adapte aux d\u00e9cors int\u00e9rieurs et ext\u00e9rieurs modernes.<br class=\"container-utlnW2 wrapper-d0Cc1k undefined\" \/>Motif et technique : Motif horizontal avec technique Flat Plate, pr\u00e9sentant un visuel net.<br class=\"container-utlnW2 wrapper-d0Cc1k undefined\" \/>Taille de la feuille : Lame large, offrant une bonne couverture pour les puits de lumi\u00e8re.<\/div>\n<h3 class=\"header-vfC6AV auto-hide-last-sibling-br\">Fonction et caract\u00e9ristiques<\/h3>\n<div class=\"auto-hide-last-sibling-br paragraph-JOTKXA paragraph-element br-paragraph-space\">Contr\u00f4le de la lumi\u00e8re : Fonctionnalit\u00e9 d'occultation, id\u00e9ale pour les puits de lumi\u00e8re dans les espaces n\u00e9cessitant une exclusion de la lumi\u00e8re.<br class=\"container-utlnW2 wrapper-d0Cc1k undefined\" \/>Caract\u00e9ristiques : Fonctionnement automatique, respirant, ascenseur silencieux, coupe-vent. \u00c9quip\u00e9 d'une batterie au lithium, motoris\u00e9\/t\u00e9l\u00e9command\u00e9 pour une commodit\u00e9 intelligente.<br class=\"container-utlnW2 wrapper-d0Cc1k undefined\" \/>Avantage : HAUTE QUALIT\u00c9, r\u00e9pondant aux besoins d\u00e9coratifs et pratiques de la maison, du bureau, de l'h\u00f4tel, de l'industrie.<br class=\"container-utlnW2 wrapper-d0Cc1k undefined\" \/>Occasion : Convient pour le Nouvel An et pour une utilisation en toute saison.<\/div>","protected":false},"excerpt":{"rendered":"<p>Skylight blinds are specifically designed window coverings that are installed in skylights or roof windows. These blinds serve multiple purposes, including light control, temperature regulation, and privacy. Made from materials like fabric, aluminum, or wood, they are often retractable and can be easily opened or closed using a manual or motorized system. Usually, Skylight blinds [&hellip;]<\/p>","protected":false},"featured_media":701,"comment_status":"open","ping_status":"closed","template":"","meta":{"om_disable_all_campaigns":false,"_uag_custom_page_level_css":"","_monsterinsights_skip_tracking":false,"_monsterinsights_sitenote_active":false,"_monsterinsights_sitenote_note":"","_monsterinsights_sitenote_category":0,"site-sidebar-layout":"default","site-content-layout":"","ast-site-content-layout":"default","site-content-style":"default","site-sidebar-style":"default","ast-global-header-display":"","ast-banner-title-visibility":"","ast-main-header-display":"","ast-hfb-above-header-display":"","ast-hfb-below-header-display":"","ast-hfb-mobile-header-display":"","site-post-title":"","ast-breadcrumbs-content":"","ast-featured-img":"","footer-sml-layout":"","theme-transparent-header-meta":"default","adv-header-id-meta":"","stick-header-meta":"","header-above-stick-meta":"","header-main-stick-meta":"","header-below-stick-meta":"","astra-migrate-meta-layouts":"set","ast-page-background-enabled":"default","ast-page-background-meta":{"desktop":{"background-color":"var(--ast-global-color-4)","background-image":"","background-repeat":"repeat","background-position":"center center","background-size":"auto","background-attachment":"scroll","background-type":"","background-media":"","overlay-type":"","overlay-color":"","overlay-opacity":"","overlay-gradient":""},"tablet":{"background-color":"","background-image":"","background-repeat":"repeat","background-position":"center center","background-size":"auto","background-attachment":"scroll","background-type":"","background-media":"","overlay-type":"","overlay-color":"","overlay-opacity":"","overlay-gradient":""},"mobile":{"background-color":"","background-image":"","background-repeat":"repeat","background-position":"center center","background-size":"auto","background-attachment":"scroll","background-type":"","background-media":"","overlay-type":"","overlay-color":"","overlay-opacity":"","overlay-gradient":""}},"ast-content-background-meta":{"desktop":{"background-color":"var(--ast-global-color-5)","background-image":"","background-repeat":"repeat","background-position":"center center","background-size":"auto","background-attachment":"scroll","background-type":"","background-media":"","overlay-type":"","overlay-color":"","overlay-opacity":"","overlay-gradient":""},"tablet":{"background-color":"var(--ast-global-color-5)","background-image":"","background-repeat":"repeat","background-position":"center center","background-size":"auto","background-attachment":"scroll","background-type":"","background-media":"","overlay-type":"","overlay-color":"","overlay-opacity":"","overlay-gradient":""},"mobile":{"background-color":"var(--ast-global-color-5)","background-image":"","background-repeat":"repeat","background-position":"center center","background-size":"auto","background-attachment":"scroll","background-type":"","background-media":"","overlay-type":"","overlay-color":"","overlay-opacity":"","overlay-gradient":""}}},"product_brand":[],"product_cat":[20,28],"product_tag":[],"class_list":{"0":"post-659","1":"product","2":"type-product","3":"status-publish","4":"has-post-thumbnail","6":"product_cat-all-product","7":"product_cat-outdoor-shading-systems","8":"desktop-align-left","9":"tablet-align-left","10":"mobile-align-left","12":"first","13":"instock","14":"shipping-taxable","15":"product-type-simple"},"aioseo_notices":[],"spectra_custom_meta":{"total_sales":["0"],"_tax_status":["taxable"],"_tax_class":[""],"_manage_stock":["no"],"_backorders":["no"],"_sold_individually":["no"],"_virtual":["no"],"_downloadable":["no"],"_download_limit":["-1"],"_download_expiry":["-1"],"_stock":[null],"_stock_status":["instock"],"_wc_average_rating":["0"],"_wc_review_count":["0"],"_product_version":["10.0.4"],"_wp_old_slug":["import-placeholder-for-1745"],"_thumbnail_id":["701"],"_aioseo_og_title":[""],"_aioseo_og_description":[""],"_aioseo_og_article_section":[""],"_aioseo_twitter_title":[""],"_aioseo_twitter_description":[""],"site-sidebar-layout":["default"],"ast-site-content-layout":["default"],"site-content-style":["default"],"site-sidebar-style":["default"],"theme-transparent-header-meta":["default"],"astra-migrate-meta-layouts":["set"],"_eael_post_view_count":[""],"_product_image_gallery":["702,703,704,705,706"],"_uag_page_assets":["a:9:{s:3:\"css\";s:0:\"\";s:2:\"js\";s:0:\"\";s:18:\"current_block_list\";a:7:{i:0;s:11:\"core\/search\";i:1;s:10:\"core\/group\";i:2;s:12:\"core\/heading\";i:3;s:17:\"core\/latest-posts\";i:4;s:20:\"core\/latest-comments\";i:5;s:13:\"core\/archives\";i:6;s:15:\"core\/categories\";}s:8:\"uag_flag\";b:0;s:11:\"uag_version\";s:10:\"1776616791\";s:6:\"gfonts\";a:0:{}s:10:\"gfonts_url\";s:0:\"\";s:12:\"gfonts_files\";a:0:{}s:14:\"uag_faq_layout\";b:0;}"],"_elementor_page_assets":["a:0:{}"]},"uagb_featured_image_src":{"full":["https:\/\/rcwindoware.com\/wp-content\/uploads\/2025\/08\/imgi_424_Hd8a581112e6b41a7a265c3e09889125f0.jpg",750,750,false],"thumbnail":["https:\/\/rcwindoware.com\/wp-content\/uploads\/2025\/08\/imgi_424_Hd8a581112e6b41a7a265c3e09889125f0-150x150.jpg",150,150,true],"medium":["https:\/\/rcwindoware.com\/wp-content\/uploads\/2025\/08\/imgi_424_Hd8a581112e6b41a7a265c3e09889125f0-300x300.jpg",300,300,true],"medium_large":["https:\/\/rcwindoware.com\/wp-content\/uploads\/2025\/08\/imgi_424_Hd8a581112e6b41a7a265c3e09889125f0.jpg",750,750,false],"large":["https:\/\/rcwindoware.com\/wp-content\/uploads\/2025\/08\/imgi_424_Hd8a581112e6b41a7a265c3e09889125f0.jpg",750,750,false],"1536x1536":["https:\/\/rcwindoware.com\/wp-content\/uploads\/2025\/08\/imgi_424_Hd8a581112e6b41a7a265c3e09889125f0.jpg",750,750,false],"2048x2048":["https:\/\/rcwindoware.com\/wp-content\/uploads\/2025\/08\/imgi_424_Hd8a581112e6b41a7a265c3e09889125f0.jpg",750,750,false],"trp-custom-language-flag":["https:\/\/rcwindoware.com\/wp-content\/uploads\/2025\/08\/imgi_424_Hd8a581112e6b41a7a265c3e09889125f0.jpg",12,12,false],"woocommerce_thumbnail":["https:\/\/rcwindoware.com\/wp-content\/uploads\/2025\/08\/imgi_424_Hd8a581112e6b41a7a265c3e09889125f0-300x300.jpg",300,300,true],"woocommerce_single":["https:\/\/rcwindoware.com\/wp-content\/uploads\/2025\/08\/imgi_424_Hd8a581112e6b41a7a265c3e09889125f0-600x600.jpg",600,600,true],"woocommerce_gallery_thumbnail":["https:\/\/rcwindoware.com\/wp-content\/uploads\/2025\/08\/imgi_424_Hd8a581112e6b41a7a265c3e09889125f0-100x100.jpg",100,100,true]},"uagb_author_info":{"display_name":"R&amp;C Team","author_link":"https:\/\/rcwindoware.com\/fr\/author\/"},"uagb_comment_info":0,"uagb_excerpt":"Skylight blinds are specifically designed window coverings that are installed in skylights or roof windows. These blinds serve multiple purposes, including light control, temperature regulation, and privacy. Made from materials like fabric, aluminum, or wood, they are often retractable and can be easily opened or closed using a manual or motorized system. Usually, Skylight blinds\u2026","_links":{"self":[{"href":"https:\/\/rcwindoware.com\/fr\/wp-json\/wp\/v2\/product\/659","targetHints":{"allow":["GET"]}}],"collection":[{"href":"https:\/\/rcwindoware.com\/fr\/wp-json\/wp\/v2\/product"}],"about":[{"href":"https:\/\/rcwindoware.com\/fr\/wp-json\/wp\/v2\/types\/product"}],"replies":[{"embeddable":true,"href":"https:\/\/rcwindoware.com\/fr\/wp-json\/wp\/v2\/comments?post=659"}],"wp:featuredmedia":[{"embeddable":true,"href":"https:\/\/rcwindoware.com\/fr\/wp-json\/wp\/v2\/media\/701"}],"wp:attachment":[{"href":"https:\/\/rcwindoware.com\/fr\/wp-json\/wp\/v2\/media?parent=659"}],"wp:term":[{"taxonomy":"product_brand","embeddable":true,"href":"https:\/\/rcwindoware.com\/fr\/wp-json\/wp\/v2\/product_brand?post=659"},{"taxonomy":"product_cat","embeddable":true,"href":"https:\/\/rcwindoware.com\/fr\/wp-json\/wp\/v2\/product_cat?post=659"},{"taxonomy":"product_tag","embeddable":true,"href":"https:\/\/rcwindoware.com\/fr\/wp-json\/wp\/v2\/product_tag?post=659"}],"curies":[{"name":"wp","href":"https:\/\/api.w.org\/{rel}","templated":true}]}}