{"id":665,"date":"2025-08-06T10:47:22","date_gmt":"2025-08-06T10:47:22","guid":{"rendered":"https:\/\/rcwindoware.com\/?post_type=product&#038;p=665"},"modified":"2025-08-06T10:48:05","modified_gmt":"2025-08-06T10:48:05","slug":"wholesale-custom-size-45160cm-waterproof-fabrics-roller-shade","status":"publish","type":"product","link":"https:\/\/rcwindoware.com\/fr\/produit\/wholesale-custom-size-45160cm-waterproof-fabrics-roller-shade\/","title":{"rendered":"Wholesale Custom Size 45*160Cm Waterproof Fabrics Roller Shade"},"content":{"rendered":"<h3 class=\"header-vfC6AV auto-hide-last-sibling-br\">D\u00e9tails du produit : Stores \u00e0 enroulement en tissu imperm\u00e9able<\/h3>\n<h2 class=\"header-vfC6AV auto-hide-last-sibling-br\">Introduction<\/h2>\n<div class=\"auto-hide-last-sibling-br paragraph-JOTKXA paragraph-element br-paragraph-space\">Am\u00e9liorez l'habillage de vos fen\u00eatres avec nos stores \u00e0 enroulement en tissu imperm\u00e9able sur mesure. Con\u00e7us pour \u00eatre polyvalents et fonctionnels, ces stores sont parfaits pour un large \u00e9ventail d'environnements commerciaux, des bureaux aux h\u00f4tels en passant par les espaces industriels. Ils offrent non seulement un contr\u00f4le efficace de la lumi\u00e8re mais aussi une touche de style moderne \u00e0 tout int\u00e9rieur.<\/div>\n<h2 class=\"header-vfC6AV auto-hide-last-sibling-br\">Caract\u00e9ristiques principales<\/h2>\n<h3 class=\"header-vfC6AV auto-hide-last-sibling-br\">1. Options de personnalisation<\/h3>\n<ul class=\"auto-hide-last-sibling-br\">\n<li><strong>Taille<\/strong>: Disponible dans une taille personnalis\u00e9e de 45*160cm, nous pouvons \u00e9galement fabriquer d'autres dimensions pour r\u00e9pondre aux diff\u00e9rentes exigences des fen\u00eatres. Qu'il s'agisse de fen\u00eatres standard ou d'installations de puits de lumi\u00e8re uniques, nous avons tout ce qu'il vous faut.<\/li>\n<li><strong>Couleur<\/strong>: Avec 9 choix de couleurs de base et la possibilit\u00e9 de cr\u00e9er des couleurs personnalis\u00e9es, ces stores peuvent s'harmoniser parfaitement avec les couleurs de votre marque ou vos projets de d\u00e9coration int\u00e9rieure.<\/li>\n<\/ul>\n<h3 class=\"header-vfC6AV auto-hide-last-sibling-br\">2. Tissu imperm\u00e9able<\/h3>\n<div class=\"auto-hide-last-sibling-br paragraph-JOTKXA paragraph-element br-paragraph-space\">Fabriqu\u00e9s en tissu polyester 100% imperm\u00e9able, ces stores sont id\u00e9aux pour les endroits expos\u00e9s \u00e0 l'humidit\u00e9, tels que les salles de bains, les cuisines d'h\u00f4tels ou tout autre espace o\u00f9 les \u00e9claboussures et l'humidit\u00e9 sont des pr\u00e9occupations. Le tissu r\u00e9siste aux dommages caus\u00e9s par l'eau, ce qui garantit des performances durables.<\/div>\n<h3 class=\"header-vfC6AV auto-hide-last-sibling-br\">3. Flexibilit\u00e9 de l'installation<\/h3>\n<div class=\"auto-hide-last-sibling-br paragraph-JOTKXA paragraph-element br-paragraph-space\">Ils prennent en charge plusieurs types d'installation, y compris les installations encastr\u00e9es, ext\u00e9rieures, lat\u00e9rales et au plafond. Cette adaptabilit\u00e9 leur permet de s'adapter \u00e0 diverses fen\u00eatres et conceptions architecturales, qu'il s'agisse d'un bureau moderne avec de grands puits de lumi\u00e8re ou d'une chambre d'h\u00f4tel traditionnelle avec des fen\u00eatres standard.<\/div>\n<h3 class=\"header-vfC6AV auto-hide-last-sibling-br\">4. Contr\u00f4le et style de la lumi\u00e8re<\/h3>\n<ul class=\"auto-hide-last-sibling-br\">\n<li><strong>R\u00e9glage de la lumi\u00e8re<\/strong>: Le syst\u00e8me de commande manuelle avec cordelette permet de r\u00e9gler facilement l'entr\u00e9e de la lumi\u00e8re. Vous pouvez obtenir une occultation totale pour l'intimit\u00e9 et le repos ou un l\u00e9ger filtrage de la lumi\u00e8re pour cr\u00e9er une ambiance confortable.<\/li>\n<li><strong>Design contemporain<\/strong>: Avec une technique de plaque plate et un motif horizontal, ces stores apportent une esth\u00e9tique contemporaine \u00e0 votre espace. Le design des lames larges ajoute une touche de sophistication tout en assurant une occultation et un blocage efficaces de la lumi\u00e8re.<\/li>\n<\/ul>\n<h3 class=\"header-vfC6AV auto-hide-last-sibling-br\">5. Durabilit\u00e9 et qualit\u00e9<\/h3>\n<div class=\"auto-hide-last-sibling-br paragraph-JOTKXA paragraph-element br-paragraph-space\">En tant que produit de R &amp; C Fuzhou Houseware Co, Ltd, un fabricant \u00e0 fa\u00e7on v\u00e9rifi\u00e9 avec 10 ans d'exp\u00e9rience, ces stores \u00e0 enroulement sont con\u00e7us pour durer. Les mat\u00e9riaux et les processus de fabrication de haute qualit\u00e9 garantissent qu'ils peuvent r\u00e9sister aux rigueurs d'une utilisation commerciale, offrant ainsi une valeur \u00e0 long terme.<\/div>","protected":false},"excerpt":{"rendered":"<p>Product Details: Wholesale Custom &#8211; Size Waterproof Fabric Roller Shade Blinds Introduction Elevate your window treatments with our Wholesale Custom &#8211; Size Waterproof Fabric Roller Shade Blinds. Designed for versatility and functionality, these blinds are perfect for a wide range of commercial settings, from offices and hotels to industrial spaces. They offer not only effective [&hellip;]<\/p>","protected":false},"featured_media":740,"comment_status":"open","ping_status":"closed","template":"","meta":{"om_disable_all_campaigns":false,"_uag_custom_page_level_css":"","_monsterinsights_skip_tracking":false,"_monsterinsights_sitenote_active":false,"_monsterinsights_sitenote_note":"","_monsterinsights_sitenote_category":0,"site-sidebar-layout":"default","site-content-layout":"","ast-site-content-layout":"default","site-content-style":"default","site-sidebar-style":"default","ast-global-header-display":"","ast-banner-title-visibility":"","ast-main-header-display":"","ast-hfb-above-header-display":"","ast-hfb-below-header-display":"","ast-hfb-mobile-header-display":"","site-post-title":"","ast-breadcrumbs-content":"","ast-featured-img":"","footer-sml-layout":"","theme-transparent-header-meta":"default","adv-header-id-meta":"","stick-header-meta":"","header-above-stick-meta":"","header-main-stick-meta":"","header-below-stick-meta":"","astra-migrate-meta-layouts":"set","ast-page-background-enabled":"default","ast-page-background-meta":{"desktop":{"background-color":"var(--ast-global-color-4)","background-image":"","background-repeat":"repeat","background-position":"center center","background-size":"auto","background-attachment":"scroll","background-type":"","background-media":"","overlay-type":"","overlay-color":"","overlay-opacity":"","overlay-gradient":""},"tablet":{"background-color":"","background-image":"","background-repeat":"repeat","background-position":"center center","background-size":"auto","background-attachment":"scroll","background-type":"","background-media":"","overlay-type":"","overlay-color":"","overlay-opacity":"","overlay-gradient":""},"mobile":{"background-color":"","background-image":"","background-repeat":"repeat","background-position":"center center","background-size":"auto","background-attachment":"scroll","background-type":"","background-media":"","overlay-type":"","overlay-color":"","overlay-opacity":"","overlay-gradient":""}},"ast-content-background-meta":{"desktop":{"background-color":"var(--ast-global-color-5)","background-image":"","background-repeat":"repeat","background-position":"center center","background-size":"auto","background-attachment":"scroll","background-type":"","background-media":"","overlay-type":"","overlay-color":"","overlay-opacity":"","overlay-gradient":""},"tablet":{"background-color":"var(--ast-global-color-5)","background-image":"","background-repeat":"repeat","background-position":"center center","background-size":"auto","background-attachment":"scroll","background-type":"","background-media":"","overlay-type":"","overlay-color":"","overlay-opacity":"","overlay-gradient":""},"mobile":{"background-color":"var(--ast-global-color-5)","background-image":"","background-repeat":"repeat","background-position":"center center","background-size":"auto","background-attachment":"scroll","background-type":"","background-media":"","overlay-type":"","overlay-color":"","overlay-opacity":"","overlay-gradient":""}}},"product_brand":[],"product_cat":[20,27],"product_tag":[],"class_list":{"0":"post-665","1":"product","2":"type-product","3":"status-publish","4":"has-post-thumbnail","6":"product_cat-all-product","7":"product_cat-motorized-roller-blinds","8":"desktop-align-left","9":"tablet-align-left","10":"mobile-align-left","12":"first","13":"instock","14":"shipping-taxable","15":"product-type-simple"},"aioseo_notices":[],"spectra_custom_meta":{"total_sales":["0"],"_tax_status":["taxable"],"_tax_class":[""],"_manage_stock":["no"],"_backorders":["no"],"_sold_individually":["no"],"_virtual":["no"],"_downloadable":["no"],"_download_limit":["-1"],"_download_expiry":["-1"],"_stock":[null],"_stock_status":["instock"],"_wc_average_rating":["0"],"_wc_review_count":["0"],"_product_version":["10.0.4"],"_wp_old_slug":["import-placeholder-for-1751"],"_thumbnail_id":["740"],"_aioseo_og_title":[""],"_aioseo_og_description":[""],"_aioseo_og_article_section":[""],"_aioseo_twitter_title":[""],"_aioseo_twitter_description":[""],"site-sidebar-layout":["default"],"ast-site-content-layout":["default"],"site-content-style":["default"],"site-sidebar-style":["default"],"theme-transparent-header-meta":["default"],"astra-migrate-meta-layouts":["set"],"_eael_post_view_count":[""],"_product_image_gallery":["741,742,743,744,745,746,747"],"_uag_page_assets":["a:9:{s:3:\"css\";s:263:\".uag-blocks-common-selector{z-index:var(--z-index-desktop) !important}@media (max-width: 976px){.uag-blocks-common-selector{z-index:var(--z-index-tablet) !important}}@media (max-width: 767px){.uag-blocks-common-selector{z-index:var(--z-index-mobile) !important}}\n\";s:2:\"js\";s:0:\"\";s:18:\"current_block_list\";a:7:{i:0;s:11:\"core\/search\";i:1;s:10:\"core\/group\";i:2;s:12:\"core\/heading\";i:3;s:17:\"core\/latest-posts\";i:4;s:20:\"core\/latest-comments\";i:5;s:13:\"core\/archives\";i:6;s:15:\"core\/categories\";}s:8:\"uag_flag\";b:0;s:11:\"uag_version\";s:10:\"1776500706\";s:6:\"gfonts\";a:0:{}s:10:\"gfonts_url\";s:0:\"\";s:12:\"gfonts_files\";a:0:{}s:14:\"uag_faq_layout\";b:0;}"],"_elementor_page_assets":["a:0:{}"]},"uagb_featured_image_src":{"full":["https:\/\/rcwindoware.com\/wp-content\/uploads\/2025\/08\/imgi_424_H0d64d4cd372542c6942d598cc8fb64516.jpg",750,750,false],"thumbnail":["https:\/\/rcwindoware.com\/wp-content\/uploads\/2025\/08\/imgi_424_H0d64d4cd372542c6942d598cc8fb64516-150x150.jpg",150,150,true],"medium":["https:\/\/rcwindoware.com\/wp-content\/uploads\/2025\/08\/imgi_424_H0d64d4cd372542c6942d598cc8fb64516-300x300.jpg",300,300,true],"medium_large":["https:\/\/rcwindoware.com\/wp-content\/uploads\/2025\/08\/imgi_424_H0d64d4cd372542c6942d598cc8fb64516.jpg",750,750,false],"large":["https:\/\/rcwindoware.com\/wp-content\/uploads\/2025\/08\/imgi_424_H0d64d4cd372542c6942d598cc8fb64516.jpg",750,750,false],"1536x1536":["https:\/\/rcwindoware.com\/wp-content\/uploads\/2025\/08\/imgi_424_H0d64d4cd372542c6942d598cc8fb64516.jpg",750,750,false],"2048x2048":["https:\/\/rcwindoware.com\/wp-content\/uploads\/2025\/08\/imgi_424_H0d64d4cd372542c6942d598cc8fb64516.jpg",750,750,false],"trp-custom-language-flag":["https:\/\/rcwindoware.com\/wp-content\/uploads\/2025\/08\/imgi_424_H0d64d4cd372542c6942d598cc8fb64516.jpg",12,12,false],"woocommerce_thumbnail":["https:\/\/rcwindoware.com\/wp-content\/uploads\/2025\/08\/imgi_424_H0d64d4cd372542c6942d598cc8fb64516-300x300.jpg",300,300,true],"woocommerce_single":["https:\/\/rcwindoware.com\/wp-content\/uploads\/2025\/08\/imgi_424_H0d64d4cd372542c6942d598cc8fb64516-600x600.jpg",600,600,true],"woocommerce_gallery_thumbnail":["https:\/\/rcwindoware.com\/wp-content\/uploads\/2025\/08\/imgi_424_H0d64d4cd372542c6942d598cc8fb64516-100x100.jpg",100,100,true]},"uagb_author_info":{"display_name":"R&amp;C Team","author_link":"https:\/\/rcwindoware.com\/fr\/author\/"},"uagb_comment_info":0,"uagb_excerpt":"Product Details: Wholesale Custom &#8211; Size Waterproof Fabric Roller Shade Blinds Introduction Elevate your window treatments with our Wholesale Custom &#8211; Size Waterproof Fabric Roller Shade Blinds. Designed for versatility and functionality, these blinds are perfect for a wide range of commercial settings, from offices and hotels to industrial spaces. They offer not only effective\u2026","_links":{"self":[{"href":"https:\/\/rcwindoware.com\/fr\/wp-json\/wp\/v2\/product\/665","targetHints":{"allow":["GET"]}}],"collection":[{"href":"https:\/\/rcwindoware.com\/fr\/wp-json\/wp\/v2\/product"}],"about":[{"href":"https:\/\/rcwindoware.com\/fr\/wp-json\/wp\/v2\/types\/product"}],"replies":[{"embeddable":true,"href":"https:\/\/rcwindoware.com\/fr\/wp-json\/wp\/v2\/comments?post=665"}],"wp:featuredmedia":[{"embeddable":true,"href":"https:\/\/rcwindoware.com\/fr\/wp-json\/wp\/v2\/media\/740"}],"wp:attachment":[{"href":"https:\/\/rcwindoware.com\/fr\/wp-json\/wp\/v2\/media?parent=665"}],"wp:term":[{"taxonomy":"product_brand","embeddable":true,"href":"https:\/\/rcwindoware.com\/fr\/wp-json\/wp\/v2\/product_brand?post=665"},{"taxonomy":"product_cat","embeddable":true,"href":"https:\/\/rcwindoware.com\/fr\/wp-json\/wp\/v2\/product_cat?post=665"},{"taxonomy":"product_tag","embeddable":true,"href":"https:\/\/rcwindoware.com\/fr\/wp-json\/wp\/v2\/product_tag?post=665"}],"curies":[{"name":"wp","href":"https:\/\/api.w.org\/{rel}","templated":true}]}}