{"id":722,"date":"2025-08-06T10:47:47","date_gmt":"2025-08-06T10:47:47","guid":{"rendered":"https:\/\/rcwindoware.com\/?post_type=product&#038;p=722"},"modified":"2025-08-29T06:24:54","modified_gmt":"2025-08-29T06:24:54","slug":"28mm-extendable-iron-curtain-rod-set-with-decorative-finials","status":"publish","type":"product","link":"https:\/\/rcwindoware.com\/fr\/produit\/28mm-extendable-iron-curtain-rod-set-with-decorative-finials\/","title":{"rendered":"Tringle \u00e0 rideaux en fer extensible 28mm avec embouts d\u00e9coratifs"},"content":{"rendered":"<div class=\"flex-1 flex flex-col gap-3 px-4 max-w-3xl mx-auto w-full pt-1\">\n<div data-test-render-count=\"1\">\n<div>\n<div class=\"group relative -tracking-[0.015em] pb-3\" data-is-streaming=\"false\">\n<div class=\"font-claude-message relative leading-[1.65rem] [&amp;_pre&gt;div]:bg-bg-000\/50 [&amp;_pre&gt;div]:border-0.5 [&amp;_pre&gt;div]:border-border-400 [&amp;_.ignore-pre-bg&gt;div]:bg-transparent [&amp;&gt;div&gt;div&gt;:is(p,blockquote,h1,h2,h3,h4,h5,h6)]:pl-2 [&amp;&gt;div&gt;div&gt;:is(p,blockquote,ul,ol,h1,h2,h3,h4,h5,h6)]:pr-8\">\n<div>\n<div class=\"grid-cols-1 grid gap-2.5 [&amp;_&gt;_*]:min-w-0\">\n<h3 class=\"text-lg font-bold text-text-100 mt-1 -mb-1.5\">Aper\u00e7u du produit<\/h3>\n<p class=\"whitespace-normal break-words\">Tringle \u00e0 rideau en fer de 28 mm de diam\u00e8tre, de qualit\u00e9 professionnelle, au design europ\u00e9en, avec embouts et supports personnalisables. Le syst\u00e8me complet comprend la tringle, les supports, les anneaux et les embouts d\u00e9coratifs pour les installations de traitement des fen\u00eatres commerciales et r\u00e9sidentielles.<\/p>\n<h3 class=\"text-lg font-bold text-text-100 mt-1 -mb-1.5\">Sp\u00e9cifications techniques<\/h3>\n<ul class=\"[&amp;:not(:last-child)_ul]:pb-1 [&amp;:not(:last-child)_ol]:pb-1 list-disc space-y-1.5 pl-7\">\n<li class=\"whitespace-normal break-words\"><strong>Mat\u00e9riau<\/strong>: Construction en fer de premi\u00e8re qualit\u00e9 avec rev\u00eatement en poudre<\/li>\n<li class=\"whitespace-normal break-words\"><strong>Diam\u00e8tre<\/strong>: 28mm standard<\/li>\n<li class=\"whitespace-normal break-words\"><strong>Longueur<\/strong>: 1-5,8 m\u00e8tres (longueurs personnalis\u00e9es disponibles)<\/li>\n<li class=\"whitespace-normal break-words\"><strong>Couleurs<\/strong>: Noir, finitions chrom\u00e9es<\/li>\n<li class=\"whitespace-normal break-words\"><strong>Style<\/strong>: Design contemporain europ\u00e9en<\/li>\n<\/ul>\n<h3 class=\"text-lg font-bold text-text-100 mt-1 -mb-1.5\">Composants du syst\u00e8me complet<\/h3>\n<p class=\"whitespace-normal break-words\"><strong>Tringle \u00e0 rideau :<\/strong><\/p>\n<ul class=\"[&amp;:not(:last-child)_ul]:pb-1 [&amp;:not(:last-child)_ol]:pb-1 list-disc space-y-1.5 pl-7\">\n<li class=\"whitespace-normal break-words\">Construction en fer de style europ\u00e9en<\/li>\n<li class=\"whitespace-normal break-words\">Finition en poudre pour une meilleure durabilit\u00e9<\/li>\n<li class=\"whitespace-normal break-words\">Options de longueurs personnalis\u00e9es disponibles<\/li>\n<\/ul>\n<p class=\"whitespace-normal break-words\"><strong>\u00c9pis de fa\u00eetage :<\/strong><\/p>\n<ul class=\"[&amp;:not(:last-child)_ul]:pb-1 [&amp;:not(:last-child)_ol]:pb-1 list-disc space-y-1.5 pl-7\">\n<li class=\"whitespace-normal break-words\">Mat\u00e9riau : Construction plastique\/m\u00e9tal<\/li>\n<li class=\"whitespace-normal break-words\">Traitement : Rev\u00eatement en poudre<\/li>\n<li class=\"whitespace-normal break-words\">Styles : Europ\u00e9en, traditionnel chinois, arabe, am\u00e9ricain<\/li>\n<li class=\"whitespace-normal break-words\">Compatible avec les tiges de 28 mm de diam\u00e8tre<\/li>\n<\/ul>\n<h3 class=\"text-lg font-bold text-text-100 mt-1 -mb-1.5\">Caract\u00e9ristiques principales<\/h3>\n<p class=\"whitespace-normal break-words\">\u2713\u00a0<strong>Syst\u00e8me complet<\/strong>: Tige, supports, anneaux et \u00e9pis de fa\u00eetage inclus<br \/>\n\u2713\u00a0<strong>Design europ\u00e9en<\/strong>: Un style contemporain pour des espaces modernes<br \/>\n\u2713\u00a0<strong>Longueurs sur mesure<\/strong>: 1-5,8 m\u00e8tres ou dimensions personnalis\u00e9es<br \/>\n\u2713\u00a0<strong>Embouts multiples<\/strong>: Diverses options de conception culturelle disponibles<br \/>\n\u2713\u00a0<strong>Construction durable<\/strong>: Fer avec traitement de rev\u00eatement par poudre<br \/>\n\u2713\u00a0<strong>Emballage souple<\/strong>: Plusieurs options d'emballage disponibles<\/p>\n<h3 class=\"text-lg font-bold text-text-100 mt-1 -mb-1.5\">Applications commerciales<\/h3>\n<ul class=\"[&amp;:not(:last-child)_ul]:pb-1 [&amp;:not(:last-child)_ol]:pb-1 list-disc space-y-1.5 pl-7\">\n<li class=\"whitespace-normal break-words\"><strong>H\u00f4tellerie et h\u00f4tellerie<\/strong>: Chambres d'h\u00f4tes, salles de conf\u00e9rence<\/li>\n<li class=\"whitespace-normal break-words\"><strong>Bureaux de l'entreprise<\/strong>: Suites ex\u00e9cutives, salles de r\u00e9union<\/li>\n<li class=\"whitespace-normal break-words\"><strong>Soins de sant\u00e9<\/strong>: Chambres de patients, espaces communs<\/li>\n<li class=\"whitespace-normal break-words\"><strong>Espaces commerciaux<\/strong>: Salles d'exposition, cabines d'essayage<\/li>\n<li class=\"whitespace-normal break-words\"><strong>R\u00e9sidentiel<\/strong>: Salles de s\u00e9jour, chambres \u00e0 coucher, salles \u00e0 manger<\/li>\n<\/ul>\n<h3 class=\"text-lg font-bold text-text-100 mt-1 -mb-1.5\">Informations sur les commandes<\/h3>\n<ul class=\"[&amp;:not(:last-child)_ul]:pb-1 [&amp;:not(:last-child)_ol]:pb-1 list-disc space-y-1.5 pl-7\">\n<li class=\"whitespace-normal break-words\"><strong>Commande minimale<\/strong>200-9999 m\u00e8tres : $3.24\/m\u00e8tre<\/li>\n<li class=\"whitespace-normal break-words\"><strong>Prix de gros<\/strong>: 10000+ m\u00e8tres : $2.70\/m\u00e8tre<\/li>\n<li class=\"whitespace-normal break-words\"><strong>\u00c9chantillon disponible<\/strong>: $10 par \u00e9chantillon<\/li>\n<li class=\"whitespace-normal break-words\"><strong>D\u00e9lai d'ex\u00e9cution<\/strong>: 15-25 jours de production<\/li>\n<li class=\"whitespace-normal break-words\"><strong>Personnalisation<\/strong>: Longueur, style de l'embout, options d'emballage<\/li>\n<li class=\"whitespace-normal break-words\"><strong>Origine<\/strong>: Chine<\/li>\n<\/ul>\n<\/div>\n<\/div>\n<\/div>\n<\/div>\n<\/div>\n<\/div>\n<div aria-hidden=\"true\"><\/div>\n<\/div>\n<div class=\"sticky bottom-0 mx-auto w-full pt-6 z-[5]\">\n<fieldset class=\"flex w-full min-w-0 flex-col\"><input id=\"chat-input-file-upload-bottom\" class=\"absolute -z-10 h-0 w-0 overflow-hidden opacity-0 select-none\" tabindex=\"-1\" accept=\".docx,.rtf,.epub,.odt,.odp,.pdf,.txt,.py,.ipynb,.js,.jsx,.html,.css,.java,.cs,.php,.c,.cc,.cpp,.cxx,.cts,.h,.hh,.hpp,.rs,.R,.Rmd,.swift,.go,.rb,.kt,.kts,.ts,.tsx,.m,.mm,.mts,.scala,.rs,.dart,.lua,.pl,.pm,.t,.sh,.bash,.zsh,.csv,.log,.ini,.cfg,.config,.json,.proto,.yaml,.yml,.toml,.lua,.sql,.bat,.md,.coffee,.tex,.latex,.gd,.gdshader,.tres,.tscn,.jpg,.jpeg,.png,.gif,.webp,.xls,.xlsx,.xlsb,.xlm,.xlsm,.xlt,.xltm,.xltx,.ods\" multiple=\"multiple\" type=\"file\" data-testid=\"file-upload\" aria-hidden=\"true\" aria-label=\"T\u00e9l\u00e9charger des fichiers\" \/><\/fieldset>\n<\/div>","protected":false},"excerpt":{"rendered":"<p>Product Overview Professional-grade 28mm diameter iron curtain rod featuring European design aesthetics with customizable finials and brackets. Complete system includes rod, brackets, rings, and decorative end caps for commercial and residential window treatment installations. Technical Specifications Material: Premium iron construction with powder coating Diameter: 28mm standard Length: 1-5.8 meters (custom lengths available) Colors: Black, chrome [&hellip;]<\/p>","protected":false},"featured_media":903,"comment_status":"open","ping_status":"closed","template":"","meta":{"om_disable_all_campaigns":false,"_uag_custom_page_level_css":"","_monsterinsights_skip_tracking":false,"_monsterinsights_sitenote_active":false,"_monsterinsights_sitenote_note":"","_monsterinsights_sitenote_category":0,"site-sidebar-layout":"default","site-content-layout":"","ast-site-content-layout":"default","site-content-style":"default","site-sidebar-style":"default","ast-global-header-display":"","ast-banner-title-visibility":"","ast-main-header-display":"","ast-hfb-above-header-display":"","ast-hfb-below-header-display":"","ast-hfb-mobile-header-display":"","site-post-title":"","ast-breadcrumbs-content":"","ast-featured-img":"","footer-sml-layout":"","theme-transparent-header-meta":"default","adv-header-id-meta":"","stick-header-meta":"","header-above-stick-meta":"","header-main-stick-meta":"","header-below-stick-meta":"","astra-migrate-meta-layouts":"set","ast-page-background-enabled":"default","ast-page-background-meta":{"desktop":{"background-color":"var(--ast-global-color-4)","background-image":"","background-repeat":"repeat","background-position":"center center","background-size":"auto","background-attachment":"scroll","background-type":"","background-media":"","overlay-type":"","overlay-color":"","overlay-opacity":"","overlay-gradient":""},"tablet":{"background-color":"","background-image":"","background-repeat":"repeat","background-position":"center center","background-size":"auto","background-attachment":"scroll","background-type":"","background-media":"","overlay-type":"","overlay-color":"","overlay-opacity":"","overlay-gradient":""},"mobile":{"background-color":"","background-image":"","background-repeat":"repeat","background-position":"center center","background-size":"auto","background-attachment":"scroll","background-type":"","background-media":"","overlay-type":"","overlay-color":"","overlay-opacity":"","overlay-gradient":""}},"ast-content-background-meta":{"desktop":{"background-color":"var(--ast-global-color-5)","background-image":"","background-repeat":"repeat","background-position":"center center","background-size":"auto","background-attachment":"scroll","background-type":"","background-media":"","overlay-type":"","overlay-color":"","overlay-opacity":"","overlay-gradient":""},"tablet":{"background-color":"var(--ast-global-color-5)","background-image":"","background-repeat":"repeat","background-position":"center center","background-size":"auto","background-attachment":"scroll","background-type":"","background-media":"","overlay-type":"","overlay-color":"","overlay-opacity":"","overlay-gradient":""},"mobile":{"background-color":"var(--ast-global-color-5)","background-image":"","background-repeat":"repeat","background-position":"center center","background-size":"auto","background-attachment":"scroll","background-type":"","background-media":"","overlay-type":"","overlay-color":"","overlay-opacity":"","overlay-gradient":""}}},"product_brand":[],"product_cat":[20,35,68],"product_tag":[],"class_list":{"0":"post-722","1":"product","2":"type-product","3":"status-publish","4":"has-post-thumbnail","6":"product_cat-all-product","7":"product_cat-curtain-rod-2","8":"product_cat-window-curtain-rod","9":"desktop-align-left","10":"tablet-align-left","11":"mobile-align-left","13":"first","14":"instock","15":"shipping-taxable","16":"product-type-simple"},"aioseo_notices":[],"spectra_custom_meta":{"total_sales":["0"],"_tax_status":["taxable"],"_tax_class":[""],"_manage_stock":["no"],"_backorders":["no"],"_sold_individually":["no"],"_virtual":["no"],"_downloadable":["no"],"_download_limit":["-1"],"_download_expiry":["-1"],"_stock":[null],"_stock_status":["instock"],"_wc_average_rating":["0"],"_wc_review_count":["0"],"_product_version":["10.0.4"],"_wp_old_slug":["import-placeholder-for-1915"],"_thumbnail_id":["903"],"_aioseo_og_title":[""],"_aioseo_og_description":[""],"_aioseo_og_article_section":[""],"_aioseo_twitter_title":[""],"_aioseo_twitter_description":[""],"site-sidebar-layout":["default"],"ast-site-content-layout":["default"],"site-content-style":["default"],"site-sidebar-style":["default"],"theme-transparent-header-meta":["default"],"_eael_post_view_count":[""],"_product_image_gallery":["904,905,906,907,908,909,910"],"_edit_lock":["1756448564:1"],"_edit_last":["1"],"_aioseo_keywords":["a:0:{}"],"_aioseo_og_article_tags":["a:0:{}"],"_aioseo_title":[null],"_aioseo_description":[null],"astra-migrate-meta-layouts":["set"],"_uag_page_assets":["a:9:{s:3:\"css\";s:0:\"\";s:2:\"js\";s:0:\"\";s:18:\"current_block_list\";a:7:{i:0;s:11:\"core\/search\";i:1;s:10:\"core\/group\";i:2;s:12:\"core\/heading\";i:3;s:17:\"core\/latest-posts\";i:4;s:20:\"core\/latest-comments\";i:5;s:13:\"core\/archives\";i:6;s:15:\"core\/categories\";}s:8:\"uag_flag\";b:0;s:11:\"uag_version\";s:10:\"1776618083\";s:6:\"gfonts\";a:0:{}s:10:\"gfonts_url\";s:0:\"\";s:12:\"gfonts_files\";a:0:{}s:14:\"uag_faq_layout\";b:0;}"],"_elementor_page_assets":["a:0:{}"]},"uagb_featured_image_src":{"full":["https:\/\/rcwindoware.com\/wp-content\/uploads\/2025\/08\/imgi_423_H18567da669e44cf1bc4c915e970ac3b88.jpg",800,800,false],"thumbnail":["https:\/\/rcwindoware.com\/wp-content\/uploads\/2025\/08\/imgi_423_H18567da669e44cf1bc4c915e970ac3b88-150x150.jpg",150,150,true],"medium":["https:\/\/rcwindoware.com\/wp-content\/uploads\/2025\/08\/imgi_423_H18567da669e44cf1bc4c915e970ac3b88-300x300.jpg",300,300,true],"medium_large":["https:\/\/rcwindoware.com\/wp-content\/uploads\/2025\/08\/imgi_423_H18567da669e44cf1bc4c915e970ac3b88-768x768.jpg",768,768,true],"large":["https:\/\/rcwindoware.com\/wp-content\/uploads\/2025\/08\/imgi_423_H18567da669e44cf1bc4c915e970ac3b88.jpg",800,800,false],"1536x1536":["https:\/\/rcwindoware.com\/wp-content\/uploads\/2025\/08\/imgi_423_H18567da669e44cf1bc4c915e970ac3b88.jpg",800,800,false],"2048x2048":["https:\/\/rcwindoware.com\/wp-content\/uploads\/2025\/08\/imgi_423_H18567da669e44cf1bc4c915e970ac3b88.jpg",800,800,false],"trp-custom-language-flag":["https:\/\/rcwindoware.com\/wp-content\/uploads\/2025\/08\/imgi_423_H18567da669e44cf1bc4c915e970ac3b88.jpg",12,12,false],"woocommerce_thumbnail":["https:\/\/rcwindoware.com\/wp-content\/uploads\/2025\/08\/imgi_423_H18567da669e44cf1bc4c915e970ac3b88-300x300.jpg",300,300,true],"woocommerce_single":["https:\/\/rcwindoware.com\/wp-content\/uploads\/2025\/08\/imgi_423_H18567da669e44cf1bc4c915e970ac3b88-600x600.jpg",600,600,true],"woocommerce_gallery_thumbnail":["https:\/\/rcwindoware.com\/wp-content\/uploads\/2025\/08\/imgi_423_H18567da669e44cf1bc4c915e970ac3b88-100x100.jpg",100,100,true]},"uagb_author_info":{"display_name":"R&amp;C Team","author_link":"https:\/\/rcwindoware.com\/fr\/author\/"},"uagb_comment_info":0,"uagb_excerpt":"Product Overview Professional-grade 28mm diameter iron curtain rod featuring European design aesthetics with customizable finials and brackets. Complete system includes rod, brackets, rings, and decorative end caps for commercial and residential window treatment installations. Technical Specifications Material: Premium iron construction with powder coating Diameter: 28mm standard Length: 1-5.8 meters (custom lengths available) Colors: Black, chrome\u2026","_links":{"self":[{"href":"https:\/\/rcwindoware.com\/fr\/wp-json\/wp\/v2\/product\/722","targetHints":{"allow":["GET"]}}],"collection":[{"href":"https:\/\/rcwindoware.com\/fr\/wp-json\/wp\/v2\/product"}],"about":[{"href":"https:\/\/rcwindoware.com\/fr\/wp-json\/wp\/v2\/types\/product"}],"replies":[{"embeddable":true,"href":"https:\/\/rcwindoware.com\/fr\/wp-json\/wp\/v2\/comments?post=722"}],"wp:featuredmedia":[{"embeddable":true,"href":"https:\/\/rcwindoware.com\/fr\/wp-json\/wp\/v2\/media\/903"}],"wp:attachment":[{"href":"https:\/\/rcwindoware.com\/fr\/wp-json\/wp\/v2\/media?parent=722"}],"wp:term":[{"taxonomy":"product_brand","embeddable":true,"href":"https:\/\/rcwindoware.com\/fr\/wp-json\/wp\/v2\/product_brand?post=722"},{"taxonomy":"product_cat","embeddable":true,"href":"https:\/\/rcwindoware.com\/fr\/wp-json\/wp\/v2\/product_cat?post=722"},{"taxonomy":"product_tag","embeddable":true,"href":"https:\/\/rcwindoware.com\/fr\/wp-json\/wp\/v2\/product_tag?post=722"}],"curies":[{"name":"wp","href":"https:\/\/api.w.org\/{rel}","templated":true}]}}